{"id":19,"date":"2020-08-14T09:58:55","date_gmt":"2020-08-14T09:58:55","guid":{"rendered":"http:\/\/martinix.se\/?page_id=19"},"modified":"2021-02-12T15:04:04","modified_gmt":"2021-02-12T15:04:04","slug":"tiderna-forandras-sa-det-gjorde-vi-med","status":"publish","type":"page","link":"https:\/\/www.martinix.se\/","title":{"rendered":"Tiderna f\u00f6r\u00e4ndras s\u00e5 det gjorde vi med."},"content":{"rendered":"\n<p class=\"has-primary-color has-text-color\">Vi ins\u00e5g att fysiska butiker inte l\u00e4ngre var det vi ville jobba med s\u00e5 vi flytta v\u00e5r kunskap och service online ist\u00e4llet. <\/p>\n\n\n\n<p class=\"has-primary-color has-text-color\">Har du en ide eller en unik produkt som du vill s\u00e4lja, kontakta oss s\u00e5 kanske vi kan ge dig inspiration att f\u00f6rverkliga din dr\u00f6m.<\/p>\n\n\n\n<p class=\"has-primary-color has-text-color\">En av v\u00e5ra dr\u00f6mmar blev f\u00f6rverkligad i v\u00e5rt projekt vvsochkranar.se som blev en riktig hit ganska omg\u00e5ende.<\/p>\n","protected":false},"excerpt":{"rendered":"<p>Vi ins\u00e5g att fysiska butiker inte l\u00e4ngre var det vi ville jobba med s\u00e5 vi flytta v\u00e5r kunskap och service online ist\u00e4llet. Har du en ide eller en unik produkt som du vill s\u00e4lja, kontakta oss s\u00e5 kanske vi kan ge dig inspiration att f\u00f6rverkliga din dr\u00f6m. En av v\u00e5ra dr\u00f6mmar blev f\u00f6rverkligad i v\u00e5rt [&hellip;]<\/p>\n","protected":false},"author":1,"featured_media":53,"parent":0,"menu_order":0,"comment_status":"closed","ping_status":"closed","template":"","meta":[],"_links":{"self":[{"href":"https:\/\/www.martinix.se\/index.php?rest_route=\/wp\/v2\/pages\/19"}],"collection":[{"href":"https:\/\/www.martinix.se\/index.php?rest_route=\/wp\/v2\/pages"}],"about":[{"href":"https:\/\/www.martinix.se\/index.php?rest_route=\/wp\/v2\/types\/page"}],"author":[{"embeddable":true,"href":"https:\/\/www.martinix.se\/index.php?rest_route=\/wp\/v2\/users\/1"}],"replies":[{"embeddable":true,"href":"https:\/\/www.martinix.se\/index.php?rest_route=%2Fwp%2Fv2%2Fcomments&post=19"}],"version-history":[{"count":10,"href":"https:\/\/www.martinix.se\/index.php?rest_route=\/wp\/v2\/pages\/19\/revisions"}],"predecessor-version":[{"id":73,"href":"https:\/\/www.martinix.se\/index.php?rest_route=\/wp\/v2\/pages\/19\/revisions\/73"}],"wp:featuredmedia":[{"embeddable":true,"href":"https:\/\/www.martinix.se\/index.php?rest_route=\/wp\/v2\/media\/53"}],"wp:attachment":[{"href":"https:\/\/www.martinix.se\/index.php?rest_route=%2Fwp%2Fv2%2Fmedia&parent=19"}],"curies":[{"name":"wp","href":"https:\/\/api.w.org\/{rel}","templated":true}]}}