{"id":35,"date":"2020-08-14T10:42:08","date_gmt":"2020-08-14T10:42:08","guid":{"rendered":"http:\/\/martinix.se\/?page_id=35"},"modified":"2020-10-11T13:09:56","modified_gmt":"2020-10-11T13:09:56","slug":"kontaktinformation","status":"publish","type":"page","link":"https:\/\/www.martinix.se\/?page_id=35","title":{"rendered":"Kontakt"},"content":{"rendered":"\n<p>Vi jobbar numera endast med onlinef\u00f6rs\u00e4ljning och prioriterar d\u00e4rf\u00f6r att ge service online via nedan kontaktmail.<\/p>\n\n\n\n<p>kontakt: info@martinix.se <\/p>\n\n\n\n<p>Martinix AB<\/p>\n\n\n\n<p>Box 2150<\/p>\n\n\n\n<p class=\"has-normal-font-size\">220 02  LUND<\/p>\n\n\n\n<p><\/p>\n","protected":false},"excerpt":{"rendered":"<p>Vi jobbar numera endast med onlinef\u00f6rs\u00e4ljning och prioriterar d\u00e4rf\u00f6r att ge service online via nedan kontaktmail. kontakt: info@martinix.se Martinix AB Box 2150 220 02 LUND<\/p>\n","protected":false},"author":1,"featured_media":0,"parent":0,"menu_order":0,"comment_status":"closed","ping_status":"closed","template":"","meta":[],"_links":{"self":[{"href":"https:\/\/www.martinix.se\/index.php?rest_route=\/wp\/v2\/pages\/35"}],"collection":[{"href":"https:\/\/www.martinix.se\/index.php?rest_route=\/wp\/v2\/pages"}],"about":[{"href":"https:\/\/www.martinix.se\/index.php?rest_route=\/wp\/v2\/types\/page"}],"author":[{"embeddable":true,"href":"https:\/\/www.martinix.se\/index.php?rest_route=\/wp\/v2\/users\/1"}],"replies":[{"embeddable":true,"href":"https:\/\/www.martinix.se\/index.php?rest_route=%2Fwp%2Fv2%2Fcomments&post=35"}],"version-history":[{"count":5,"href":"https:\/\/www.martinix.se\/index.php?rest_route=\/wp\/v2\/pages\/35\/revisions"}],"predecessor-version":[{"id":58,"href":"https:\/\/www.martinix.se\/index.php?rest_route=\/wp\/v2\/pages\/35\/revisions\/58"}],"wp:attachment":[{"href":"https:\/\/www.martinix.se\/index.php?rest_route=%2Fwp%2Fv2%2Fmedia&parent=35"}],"curies":[{"name":"wp","href":"https:\/\/api.w.org\/{rel}","templated":true}]}}