{"id":43,"date":"2020-08-14T12:00:22","date_gmt":"2020-08-14T12:00:22","guid":{"rendered":"http:\/\/martinix.se\/?page_id=43"},"modified":"2020-08-19T12:58:41","modified_gmt":"2020-08-19T12:58:41","slug":"filosofi","status":"publish","type":"page","link":"https:\/\/www.martinix.se\/?page_id=43","title":{"rendered":"Om oss"},"content":{"rendered":"\n<p>Vi har jobbat med f\u00f6rs\u00e4ljning av varor och tj\u00e4nster under m\u00e5nga \u00e5r och har l\u00e4rt oss i dessa f\u00f6r\u00e4nderliga tider att kunskap \u00e4r v\u00e4ldigt v\u00e4rdefullt, s\u00e5 vi ville inte att den skulle g\u00e5 f\u00f6rlorad.<\/p>\n\n\n\n<p>Vi kommer jobba med det vi brinner f\u00f6r &#8211; onlinef\u00f6rs\u00e4ljning.<\/p>\n\n\n\n<p>Vi kommer inte att l\u00e5sa oss inom n\u00e5got specifikt omr\u00e5de utan kommer ha d\u00f6rren \u00f6ppen f\u00f6r nya ideer, men kommer inledningsvis jobba med det vi kan b\u00e4st.<\/p>\n","protected":false},"excerpt":{"rendered":"<p>Vi har jobbat med f\u00f6rs\u00e4ljning av varor och tj\u00e4nster under m\u00e5nga \u00e5r och har l\u00e4rt oss i dessa f\u00f6r\u00e4nderliga tider att kunskap \u00e4r v\u00e4ldigt v\u00e4rdefullt, s\u00e5 vi ville inte att den skulle g\u00e5 f\u00f6rlorad. Vi kommer jobba med det vi brinner f\u00f6r &#8211; onlinef\u00f6rs\u00e4ljning. Vi kommer inte att l\u00e5sa oss inom n\u00e5got specifikt omr\u00e5de utan [&hellip;]<\/p>\n","protected":false},"author":1,"featured_media":0,"parent":0,"menu_order":0,"comment_status":"closed","ping_status":"closed","template":"","meta":[],"_links":{"self":[{"href":"https:\/\/www.martinix.se\/index.php?rest_route=\/wp\/v2\/pages\/43"}],"collection":[{"href":"https:\/\/www.martinix.se\/index.php?rest_route=\/wp\/v2\/pages"}],"about":[{"href":"https:\/\/www.martinix.se\/index.php?rest_route=\/wp\/v2\/types\/page"}],"author":[{"embeddable":true,"href":"https:\/\/www.martinix.se\/index.php?rest_route=\/wp\/v2\/users\/1"}],"replies":[{"embeddable":true,"href":"https:\/\/www.martinix.se\/index.php?rest_route=%2Fwp%2Fv2%2Fcomments&post=43"}],"version-history":[{"count":4,"href":"https:\/\/www.martinix.se\/index.php?rest_route=\/wp\/v2\/pages\/43\/revisions"}],"predecessor-version":[{"id":56,"href":"https:\/\/www.martinix.se\/index.php?rest_route=\/wp\/v2\/pages\/43\/revisions\/56"}],"wp:attachment":[{"href":"https:\/\/www.martinix.se\/index.php?rest_route=%2Fwp%2Fv2%2Fmedia&parent=43"}],"curies":[{"name":"wp","href":"https:\/\/api.w.org\/{rel}","templated":true}]}}